{"id":132,"date":"2024-01-31T02:43:21","date_gmt":"2024-01-31T02:43:21","guid":{"rendered":"https:\/\/colegiojag.cl\/?page_id=132"},"modified":"2024-01-31T02:43:23","modified_gmt":"2024-01-31T02:43:23","slug":"protocolos-2","status":"publish","type":"page","link":"https:\/\/colegiojag.cl\/index.php\/protocolos-2\/","title":{"rendered":"Protocolos"},"content":{"rendered":"<p>El colegio Jos\u00e9 Agust\u00edn G\u00f3mez San se rige por una serie de protocolos que garantizan la seguridad y el bienestar de todos los miembros de la comunidad educativa. Estos protocolos son fundamentales para mantener un ambiente propicio para el aprendizaje y el desarrollo integral de los estudiantes.<\/p>\n<h2>Protocolo de seguridad<\/h2>\n<p>La seguridad de nuestros estudiantes es nuestra m\u00e1xima prioridad. Por ello, contamos con un protocolo de seguridad que incluye medidas como la vigilancia constante, la identificaci\u00f3n obligatoria de todos los visitantes y la implementaci\u00f3n de sistemas de control de acceso.<\/p>\n<h2>Protocolo de convivencia<\/h2>\n<p>En el colegio Jos\u00e9 Agust\u00edn G\u00f3mez promovemos una convivencia respetuosa y armoniosa entre todos los miembros de la comunidad educativa. Nuestro protocolo de convivencia establece normas claras de comportamiento y sanciones en caso de incumplimiento, con el objetivo de fomentar el respeto, la tolerancia y la responsabilidad.<\/p>\n<h2>Protocolo de prevenci\u00f3n y atenci\u00f3n de situaciones de emergencia<\/h2>\n<p>Estamos preparados para hacer frente a situaciones de emergencia que puedan surgir en el colegio. Nuestro protocolo de prevenci\u00f3n y atenci\u00f3n de situaciones de emergencia contempla medidas como simulacros peri\u00f3dicos, la capacitaci\u00f3n del personal en primeros auxilios y la coordinaci\u00f3n con los servicios de emergencia.<\/p>\n<h2>Protocolo de comunicaci\u00f3n<\/h2>\n<p>La comunicaci\u00f3n efectiva entre el colegio y las familias es fundamental para el \u00e9xito educativo de los estudiantes. Nuestro protocolo de comunicaci\u00f3n establece canales de comunicaci\u00f3n claros y eficientes, como reuniones peri\u00f3dicas, boletines informativos y plataformas virtuales, para mantener una comunicaci\u00f3n fluida y constante.<\/p>\n<p>En el colegio Jos\u00e9 Agust\u00edn G\u00f3mez nos comprometemos a cumplir y hacer cumplir estos protocolos, con el objetivo de brindar a nuestros estudiantes una educaci\u00f3n de calidad en un entorno seguro y propicio para su desarrollo integral.<\/p>\n","protected":false},"excerpt":{"rendered":"<p>El colegio Jos\u00e9 Agust\u00edn G\u00f3mez San se rige por una serie de protocolos que garantizan la seguridad y el bienestar de todos los miembros de la comunidad educativa. Estos protocolos son fundamentales para mantener un ambiente propicio para el aprendizaje y el desarrollo integral de los estudiantes. Protocolo de seguridad La seguridad de nuestros estudiantes [&hellip;]<\/p>\n","protected":false},"author":1,"featured_media":131,"parent":0,"menu_order":0,"comment_status":"closed","ping_status":"closed","template":"","meta":{"footnotes":""},"class_list":["post-132","page","type-page","status-publish","has-post-thumbnail","hentry","post"],"_links":{"self":[{"href":"https:\/\/colegiojag.cl\/index.php\/wp-json\/wp\/v2\/pages\/132","targetHints":{"allow":["GET"]}}],"collection":[{"href":"https:\/\/colegiojag.cl\/index.php\/wp-json\/wp\/v2\/pages"}],"about":[{"href":"https:\/\/colegiojag.cl\/index.php\/wp-json\/wp\/v2\/types\/page"}],"author":[{"embeddable":true,"href":"https:\/\/colegiojag.cl\/index.php\/wp-json\/wp\/v2\/users\/1"}],"replies":[{"embeddable":true,"href":"https:\/\/colegiojag.cl\/index.php\/wp-json\/wp\/v2\/comments?post=132"}],"version-history":[{"count":1,"href":"https:\/\/colegiojag.cl\/index.php\/wp-json\/wp\/v2\/pages\/132\/revisions"}],"predecessor-version":[{"id":133,"href":"https:\/\/colegiojag.cl\/index.php\/wp-json\/wp\/v2\/pages\/132\/revisions\/133"}],"wp:featuredmedia":[{"embeddable":true,"href":"https:\/\/colegiojag.cl\/index.php\/wp-json\/wp\/v2\/media\/131"}],"wp:attachment":[{"href":"https:\/\/colegiojag.cl\/index.php\/wp-json\/wp\/v2\/media?parent=132"}],"curies":[{"name":"wp","href":"https:\/\/api.w.org\/{rel}","templated":true}]}}