{"id":350,"date":"2024-08-23T15:34:56","date_gmt":"2024-08-23T15:34:56","guid":{"rendered":"https:\/\/colegiojag.cl\/?page_id=350"},"modified":"2024-08-27T00:25:12","modified_gmt":"2024-08-27T00:25:12","slug":"himno-del-colegio-jose-agustin-gomez","status":"publish","type":"page","link":"https:\/\/colegiojag.cl\/index.php\/himno-del-colegio-jose-agustin-gomez\/","title":{"rendered":"Himno del Colegio Jos\u00e9 Agust\u00edn G\u00f3mez"},"content":{"rendered":"\n<p>Estimados miembros de la Comunidad Educativa:<\/p>\n\n\n\n<p>Colocamos a su disposici\u00f3n nuestro himno en formato audio y texto<\/p>\n\n\n\n<figure class=\"wp-block-audio\"><audio controls src=\"https:\/\/colegiojag.cl\/wp-content\/uploads\/2024\/08\/HIMNO-COLEGIO-JAG-FINAL.mp3\"><\/audio><\/figure>\n\n\n\n<div data-wp-interactive=\"core\/file\" class=\"wp-block-file\"><object data-wp-bind--hidden=\"!state.hasPdfPreview\" hidden class=\"wp-block-file__embed\" data=\"https:\/\/colegiojag.cl\/wp-content\/uploads\/2024\/08\/letra-himno-colegio-pag.pdf\" type=\"application\/pdf\" style=\"width:100%;height:600px\" aria-label=\"Incrustado de letra-himno-colegio-pag.\"><\/object><a id=\"wp-block-file--media-94ab5669-11ae-48a1-9ab8-c9b375ffa53e\" href=\"https:\/\/colegiojag.cl\/wp-content\/uploads\/2024\/08\/letra-himno-colegio-pag.pdf\">letra-himno-colegio-pag<\/a><a href=\"https:\/\/colegiojag.cl\/wp-content\/uploads\/2024\/08\/letra-himno-colegio-pag.pdf\" class=\"wp-block-file__button wp-element-button\" download aria-describedby=\"wp-block-file--media-94ab5669-11ae-48a1-9ab8-c9b375ffa53e\">Descargar<\/a><\/div>\n","protected":false},"excerpt":{"rendered":"<p>Estimados miembros de la Comunidad Educativa: Colocamos a su disposici\u00f3n nuestro himno en formato audio y texto<\/p>\n","protected":false},"author":1,"featured_media":0,"parent":0,"menu_order":0,"comment_status":"closed","ping_status":"closed","template":"","meta":{"footnotes":""},"class_list":["post-350","page","type-page","status-publish","hentry","post"],"_links":{"self":[{"href":"https:\/\/colegiojag.cl\/index.php\/wp-json\/wp\/v2\/pages\/350","targetHints":{"allow":["GET"]}}],"collection":[{"href":"https:\/\/colegiojag.cl\/index.php\/wp-json\/wp\/v2\/pages"}],"about":[{"href":"https:\/\/colegiojag.cl\/index.php\/wp-json\/wp\/v2\/types\/page"}],"author":[{"embeddable":true,"href":"https:\/\/colegiojag.cl\/index.php\/wp-json\/wp\/v2\/users\/1"}],"replies":[{"embeddable":true,"href":"https:\/\/colegiojag.cl\/index.php\/wp-json\/wp\/v2\/comments?post=350"}],"version-history":[{"count":4,"href":"https:\/\/colegiojag.cl\/index.php\/wp-json\/wp\/v2\/pages\/350\/revisions"}],"predecessor-version":[{"id":363,"href":"https:\/\/colegiojag.cl\/index.php\/wp-json\/wp\/v2\/pages\/350\/revisions\/363"}],"wp:attachment":[{"href":"https:\/\/colegiojag.cl\/index.php\/wp-json\/wp\/v2\/media?parent=350"}],"curies":[{"name":"wp","href":"https:\/\/api.w.org\/{rel}","templated":true}]}}