{"id":9,"date":"2024-01-27T01:43:16","date_gmt":"2024-01-27T01:43:16","guid":{"rendered":"https:\/\/colegiojag.cl\/?page_id=9"},"modified":"2024-03-23T00:52:19","modified_gmt":"2024-03-23T00:52:19","slug":"contacto","status":"publish","type":"page","link":"https:\/\/colegiojag.cl\/index.php\/contacto\/","title":{"rendered":"Contacto"},"content":{"rendered":"\n<div class=\"wp-block-media-text is-stacked-on-mobile\"><figure class=\"wp-block-media-text__media\"><img loading=\"lazy\" decoding=\"async\" width=\"509\" height=\"466\" src=\"https:\/\/colegiojag.cl\/wp-content\/uploads\/2024\/01\/Mapa.png\" alt=\"\" class=\"wp-image-34 size-full\" srcset=\"https:\/\/colegiojag.cl\/wp-content\/uploads\/2024\/01\/Mapa.png 509w, https:\/\/colegiojag.cl\/wp-content\/uploads\/2024\/01\/Mapa-300x275.png 300w\" sizes=\"auto, (max-width: 509px) 100vw, 509px\" \/><\/figure><div class=\"wp-block-media-text__content\">\n<p>Direcci\u00f3n: Av. Chacabuco 642 San Felipe V Regi\u00f3n &#8211; Chile<\/p>\n\n\n\n<p>Tel\u00e9fono: <strong>322153632\u00a0<\/strong><\/p>\n\n\n\n<p>Correo electr\u00f3nico: secretaria@colegiojag.cl<\/p>\n<\/div><\/div>\n\n\n\n<p><\/p>\n","protected":false},"excerpt":{"rendered":"<p>Direcci\u00f3n: Av. Chacabuco 642 San Felipe V Regi\u00f3n &#8211; Chile Tel\u00e9fono: 322153632\u00a0 Correo electr\u00f3nico: secretaria@colegiojag.cl<\/p>\n","protected":false},"author":1,"featured_media":0,"parent":0,"menu_order":0,"comment_status":"closed","ping_status":"closed","template":"","meta":{"footnotes":""},"class_list":["post-9","page","type-page","status-publish","hentry","post"],"_links":{"self":[{"href":"https:\/\/colegiojag.cl\/index.php\/wp-json\/wp\/v2\/pages\/9","targetHints":{"allow":["GET"]}}],"collection":[{"href":"https:\/\/colegiojag.cl\/index.php\/wp-json\/wp\/v2\/pages"}],"about":[{"href":"https:\/\/colegiojag.cl\/index.php\/wp-json\/wp\/v2\/types\/page"}],"author":[{"embeddable":true,"href":"https:\/\/colegiojag.cl\/index.php\/wp-json\/wp\/v2\/users\/1"}],"replies":[{"embeddable":true,"href":"https:\/\/colegiojag.cl\/index.php\/wp-json\/wp\/v2\/comments?post=9"}],"version-history":[{"count":5,"href":"https:\/\/colegiojag.cl\/index.php\/wp-json\/wp\/v2\/pages\/9\/revisions"}],"predecessor-version":[{"id":203,"href":"https:\/\/colegiojag.cl\/index.php\/wp-json\/wp\/v2\/pages\/9\/revisions\/203"}],"wp:attachment":[{"href":"https:\/\/colegiojag.cl\/index.php\/wp-json\/wp\/v2\/media?parent=9"}],"curies":[{"name":"wp","href":"https:\/\/api.w.org\/{rel}","templated":true}]}}